{"id":92,"date":"2024-07-30T06:52:53","date_gmt":"2024-07-30T06:52:53","guid":{"rendered":"https:\/\/travauxpronovus.com\/website\/?page_id=92"},"modified":"2024-08-27T14:09:00","modified_gmt":"2024-08-27T14:09:00","slug":"about-us","status":"publish","type":"page","link":"https:\/\/travauxpronovus.com\/fr\/about-us\/","title":{"rendered":"\u00c0 propos de nous"},"content":{"rendered":"[et_pb_section fb_built=&#8221;1&#8243; fullwidth=&#8221;on&#8221; _builder_version=&#8221;4.27.0&#8243; _module_preset=&#8221;default&#8221; background_image=&#8221;https:\/\/travauxpronovus.com\/wp-content\/uploads\/2024\/07\/aboutus.jpeg&#8221; global_colors_info=&#8221;{}&#8221;][et_pb_fullwidth_header title=&#8221;ABOUT US&#8221; text_orientation=&#8221;center&#8221; header_scroll_down=&#8221;on&#8221; scroll_down_icon=&#8221;%%8%%&#8221; scroll_down_icon_size=&#8221;41px&#8221; title_tablet=&#8221;ABOUT US&#8221; title_phone=&#8221;ABOUT US&#8221; title_last_edited=&#8221;on|desktop&#8221; scroll_down_icon_tablet=&#8221;%%8%%&#8221; scroll_down_icon_phone=&#8221;%%8%%&#8221; scroll_down_icon_last_edited=&#8221;on|phone&#8221; scroll_down_icon_size_tablet=&#8221;41px&#8221; scroll_down_icon_size_phone=&#8221;41px&#8221; scroll_down_icon_size_last_edited=&#8221;on|phone&#8221; _builder_version=&#8221;4.27.0&#8243; _module_preset=&#8221;default&#8221; title_font=&#8221;|700|||||||&#8221; title_text_align=&#8221;center&#8221; title_font_size=&#8221;100px&#8221; content_font=&#8221;|700|||||||&#8221; background_image=&#8221;https:\/\/travauxpronovus.com\/wp-content\/uploads\/2024\/07\/aboutus.jpeg&#8221; module_alignment=&#8221;center&#8221; custom_margin=&#8221;||||false|false&#8221; custom_margin_tablet=&#8221;||||false|false&#8221; custom_margin_phone=&#8221;||||false|false&#8221; custom_margin_last_edited=&#8221;on|desktop&#8221; custom_padding=&#8221;180px||180px||false|false&#8221; custom_padding_tablet=&#8221;180px||180px||false|false&#8221; custom_padding_phone=&#8221;80px||80px||false|false&#8221; custom_padding_last_edited=&#8221;on|desktop&#8221; title_font_size_tablet=&#8221;100px&#8221; title_font_size_phone=&#8221;46px&#8221; title_font_size_last_edited=&#8221;on|phone&#8221; module_alignment_tablet=&#8221;center&#8221; module_alignment_phone=&#8221;center&#8221; module_alignment_last_edited=&#8221;on|phone&#8221; text_shadow_style=&#8221;preset2&#8243; text_shadow_blur_strength=&#8221;0.31em&#8221; text_shadow_color=&#8221;#000000&#8243; global_colors_info=&#8221;{}&#8221;][\/et_pb_fullwidth_header][\/et_pb_section][et_pb_section fb_built=&#8221;1&#8243; inner_shadow=&#8221;on&#8221; _builder_version=&#8221;4.27.0&#8243; _module_preset=&#8221;default&#8221; global_colors_info=&#8221;{}&#8221;][et_pb_row _builder_version=&#8221;4.27.0&#8243; _module_preset=&#8221;default&#8221; global_colors_info=&#8221;{}&#8221;][et_pb_column type=&#8221;4_4&#8243; _builder_version=&#8221;4.27.0&#8243; _module_preset=&#8221;default&#8221; global_colors_info=&#8221;{}&#8221;][et_pb_text _builder_version=&#8221;4.27.0&#8243; _module_preset=&#8221;default&#8221; text_text_color=&#8221;#000000&#8243; text_font_size=&#8221;25px&#8221; text_line_height=&#8221;1.2em&#8221; text_orientation=&#8221;justified&#8221; text_font_size_tablet=&#8221;25px&#8221; text_font_size_phone=&#8221;17px&#8221; text_font_size_last_edited=&#8221;on|desktop&#8221; global_colors_info=&#8221;{}&#8221;]<p><strong>PRONOVUS : Votre vision, notre expertise<\/strong><\/p>\n<p data-sourcepos=\"5:1-5:22\"><span>Apprenez \u00e0 nous conna\u00eetre. PRONOVUS est plus qu'une entreprise de r\u00e9novation r\u00e9sidentielle, fond\u00e9e par J\u00e9r\u00e9mie Roy il y a trois ans,<\/span><span> no<\/span><span>us sommes une entreprise profond\u00e9ment ancr\u00e9e dans la conviction de cr\u00e9er des opportunit\u00e9s pour les g\u00e9n\u00e9rations futures.<\/span><span> Notre engagement \u00e0 fournir un service exceptionnel,<\/span><span> \u00e0 satisfaire nos clients<\/span><span> et \u00e0 offrir un environnement<\/span><span> de travail propre et respectueux.<\/span><\/p>\n<p data-sourcepos=\"7:1-7:49\"><strong>Sp\u00e9cialisation dans les fen\u00eatres et les portes, et au-del\u00e0<\/strong><\/p>\n<p data-sourcepos=\"9:1-9:189\"><span>Bien que notre expertise porte sur les fen\u00eatres et les portes,<\/span><span><a href=\"https:\/\/www.google.com\/search?sca_esv=d75dca405735d9b8&amp;sca_upv=1&amp;sxsrf=ADLYWIJyKg675lT1KHB71Xq6VqcgWaiO9w:1723821247851&amp;q=Pronovus&amp;udm=2&amp;fbs=AEQNm0Bqzy2A7JdsZg3J6bXbexmPYRAnmocz_wSkO9o2d70T0heh0g9PP-lN5PtKwO3uHaElUXXU1c91d54ABW-Z31cLQibE9V2AZXvGJRS_15EFhxq5hH5pUi9MEYuTIxe5dX11BFqdQG2uejtRhlTJe_ytdCqt-JKSu64ZQyL-vQthtWmZsvn3hXb_VELDwjLW1452OInYZ1qPs_nsUoEyjtmsAqEPdg&amp;sa=X&amp;ved=2ahUKEwiJoInJ5vmHAxUDFVkFHYAtG1sQtKgLegQIBhAB&amp;biw=1536&amp;bih=703&amp;dpr=1.25\"> PRONOVUS<\/a> offre une gamme compl\u00e8te de services de r\u00e9novation r\u00e9sidentielle adapt\u00e9s \u00e0 vos besoins uniques.<\/span><span> Notre \u00e9quipe de professionnels qualifi\u00e9s poss\u00e8de une grande exp\u00e9rience et une passion pour la transformation des maisons en espaces que vous aimerez.<\/span><span> De la r\u00e9novation des cuisines et des salles de bains \u00e0 la r\u00e9novation des sous-sols et \u00e0 l'agrandissement des b\u00e2timents,<\/span><span> nous disposons de l'expertise n\u00e9cessaire pour g\u00e9rer des projets de toute taille et de toute port\u00e9e.<\/span><\/p>[\/et_pb_text][\/et_pb_column][\/et_pb_row][et_pb_row column_structure=&#8221;1_2,1_2&#8243; _builder_version=&#8221;4.27.0&#8243; _module_preset=&#8221;default&#8221; global_colors_info=&#8221;{}&#8221;][et_pb_column type=&#8221;1_2&#8243; _builder_version=&#8221;4.27.0&#8243; _module_preset=&#8221;default&#8221; global_colors_info=&#8221;{}&#8221;][et_pb_text _builder_version=&#8221;4.27.0&#8243; _module_preset=&#8221;default&#8221; text_text_color=&#8221;#000000&#8243; text_font_size=&#8221;25px&#8221; text_line_height=&#8221;1.2em&#8221; text_orientation=&#8221;justified&#8221; text_font_size_tablet=&#8221;25px&#8221; text_font_size_phone=&#8221;17px&#8221; text_font_size_last_edited=&#8221;on|phone&#8221; global_colors_info=&#8221;{}&#8221;]<p data-sourcepos=\"11:1-11:38\"><strong>Qualit\u00e9 de l'ex\u00e9cution et travail d'\u00e9quipe<\/strong><\/p>\n<p data-sourcepos=\"13:1-13:326\"><span>Au c\u0153ur de PRONOVUS se trouve l'attachement \u00e0 la qualit\u00e9 de l'artisanat et au travail d'\u00e9quipe.<\/span><span> Nous pensons qu'en favorisant un environnement de collaboration,<\/span><span> nous pouvons fournir des r\u00e9sultats exceptionnels qui d\u00e9passent vos attentes.<\/span><span> Notre \u00e9quipe de professionnels qualifi\u00e9s travaille en \u00e9troite collaboration pour s'assurer que chaque projet est r\u00e9alis\u00e9 dans le respect des normes les plus strictes et pour fournir le meilleur r\u00e9sultat pour chaque demande du client.<\/span><\/p>\n<p data-sourcepos=\"17:1-17:72\">[\/et_pb_text][\/et_pb_column][et_pb_column type=&#8221;1_2&#8243; _builder_version=&#8221;4.27.0&#8243; _module_preset=&#8221;default&#8221; global_colors_info=&#8221;{}&#8221;][et_pb_image src=&#8221;https:\/\/travauxpronovus.com\/wp-content\/uploads\/2024\/08\/pexels-antoniocontephotographer-14364849-scaled.jpg&#8221; alt=&#8221;renovation-company-pronovus-team&#8221; title_text=&#8221;pronovus team&#8221; _builder_version=&#8221;4.27.0&#8243; _module_preset=&#8221;default&#8221; global_colors_info=&#8221;{}&#8221;][\/et_pb_image][\/et_pb_column][\/et_pb_row][et_pb_row _builder_version=&#8221;4.27.0&#8243; _module_preset=&#8221;default&#8221; global_colors_info=&#8221;{}&#8221;][et_pb_column type=&#8221;4_4&#8243; _builder_version=&#8221;4.27.0&#8243; _module_preset=&#8221;default&#8221; global_colors_info=&#8221;{}&#8221;][et_pb_text _builder_version=&#8221;4.27.0&#8243; _module_preset=&#8221;default&#8221; text_text_color=&#8221;#000000&#8243; text_font_size=&#8221;25px&#8221; text_line_height=&#8221;1.2em&#8221; text_orientation=&#8221;justified&#8221; text_font_size_tablet=&#8221;25px&#8221; text_font_size_phone=&#8221;17px&#8221; text_font_size_last_edited=&#8221;on|phone&#8221; global_colors_info=&#8221;{}&#8221;]<p data-sourcepos=\"15:1-15:30\"><strong>Votre vision, notre expertise<\/strong><\/p>\n<p data-sourcepos=\"17:1-17:72\"><span>Que vous souhaitiez am\u00e9liorer l'efficacit\u00e9 \u00e9nerg\u00e9tique de votre maison avec de nouvelles fen\u00eatres,<\/span><span> rehaussez l'attrait de votre trottoir avec des portes \u00e9tonnantes,<\/span><span> ou entreprendre une r\u00e9novation compl\u00e8te,<\/span><span> PRONOVUS est votre entreprise de r\u00e9novation de confiance.<\/span><span> Nous nous engageons \u00e0 \u00e9tablir des relations durables avec nos clients,<\/span><span> en assurant une communication transparente,<\/span><span> et un service fiable tout au long de votre projet.<\/span><\/p>\n<p data-sourcepos=\"19:1-19:140\"><strong>Laissez-nous donner vie \u00e0 votre vision.<\/strong><span> ontactez PRONOVUS d\u00e8s aujourd'hui pour prendre rendez-vous et en savoir plus sur la fa\u00e7on dont nous pouvons transformer votre maison.<\/span><\/p>[\/et_pb_text][\/et_pb_column][\/et_pb_row][et_pb_row _builder_version=&#8221;4.27.0&#8243; _module_preset=&#8221;default&#8221; global_colors_info=&#8221;{}&#8221;][et_pb_column type=&#8221;4_4&#8243; _builder_version=&#8221;4.27.0&#8243; _module_preset=&#8221;default&#8221; global_colors_info=&#8221;{}&#8221;][et_pb_button button_url=&#8221;https:\/\/travauxpronovus.com\/contact-us\/&#8221; button_text=&#8221;Contact us today to schedule a consultation.&#8221; button_alignment=&#8221;left&#8221; button_text_tablet=&#8221;Contact us today to schedule a consultation.&#8221; button_text_phone=&#8221;Contact us today to schedule a consultation.&#8221; button_text_last_edited=&#8221;on|phone&#8221; button_alignment_tablet=&#8221;left&#8221; button_alignment_phone=&#8221;center&#8221; button_alignment_last_edited=&#8221;on|desktop&#8221; _builder_version=&#8221;4.27.0&#8243; _module_preset=&#8221;default&#8221; custom_button=&#8221;on&#8221; button_text_size=&#8221;22px&#8221; button_text_color=&#8221;#FFFFFF&#8221; button_bg_color=&#8221;#2e3192&#8243; button_border_color=&#8221;gcid-37f36b32-dbae-401b-90d4-c95914a50351&#8243; button_border_radius=&#8221;100px&#8221; button_font=&#8221;|700||on|||||&#8221; button_icon_color=&#8221;#0C71C3&#8243; button_text_size_tablet=&#8221;22px&#8221; button_text_size_phone=&#8221;13px&#8221; button_text_size_last_edited=&#8221;on|desktop&#8221; global_colors_info=&#8221;{%22gcid-37f36b32-dbae-401b-90d4-c95914a50351%22:%91%22button_border_color%22%93}&#8221;][\/et_pb_button][\/et_pb_column][\/et_pb_row][\/et_pb_section]","protected":false},"excerpt":{"rendered":"<p>PRONOVUS: Your Vision, Our Expertise Learn about us. PRONOVUS is more than a residential renovation company, founded by Jeremie Roy three years ago, we are a company deeply rooted in the belief of creating opportunities for future generations. Our commitment to exceptional service, client satisfaction, and a clean, respectful work environment sets us apart. Specializing [&hellip;]<\/p>","protected":false},"author":1,"featured_media":0,"parent":0,"menu_order":0,"comment_status":"closed","ping_status":"closed","template":"","meta":{"_et_pb_use_builder":"on","_et_pb_old_content":"","_et_gb_content_width":"","footnotes":""},"class_list":["post-92","page","type-page","status-publish","hentry"],"yoast_head":"<!-- This site is optimized with the Yoast SEO plugin v23.2 - https:\/\/yoast.com\/wordpress\/plugins\/seo\/ -->\n<title>About Us - Pronovus<\/title>\n<meta name=\"description\" content=\"Your trusted high-quality renovation company in Montreal. We are committed to excellence, personalized service, and innovative solutions.\" \/>\n<meta name=\"robots\" content=\"index, follow, max-snippet:-1, max-image-preview:large, max-video-preview:-1\" \/>\n<link rel=\"canonical\" href=\"https:\/\/travauxpronovus.com\/fr\/about-us\/\" \/>\n<meta property=\"og:locale\" content=\"fr_CA\" \/>\n<meta property=\"og:type\" content=\"article\" \/>\n<meta property=\"og:title\" content=\"About Us - Pronovus\" \/>\n<meta property=\"og:description\" content=\"Your trusted high-quality renovation company in Montreal. We are committed to excellence, personalized service, and innovative solutions.\" \/>\n<meta property=\"og:url\" content=\"https:\/\/travauxpronovus.com\/fr\/about-us\/\" \/>\n<meta property=\"og:site_name\" content=\"Pronovus\" \/>\n<meta property=\"article:modified_time\" content=\"2024-08-27T14:09:00+00:00\" \/>\n<meta name=\"twitter:card\" content=\"summary_large_image\" \/>\n<meta name=\"twitter:label1\" content=\"Estimation du temps de lecture\" \/>\n\t<meta name=\"twitter:data1\" content=\"2 minutes\" \/>\n<script type=\"application\/ld+json\" class=\"yoast-schema-graph\">{\"@context\":\"https:\/\/schema.org\",\"@graph\":[{\"@type\":\"WebPage\",\"@id\":\"https:\/\/travauxpronovus.com\/about-us\/\",\"url\":\"https:\/\/travauxpronovus.com\/about-us\/\",\"name\":\"About Us - Pronovus\",\"isPartOf\":{\"@id\":\"https:\/\/travauxpronovus.com\/#website\"},\"datePublished\":\"2024-07-30T06:52:53+00:00\",\"dateModified\":\"2024-08-27T14:09:00+00:00\",\"description\":\"Your trusted high-quality renovation company in Montreal. We are committed to excellence, personalized service, and innovative solutions.\",\"breadcrumb\":{\"@id\":\"https:\/\/travauxpronovus.com\/about-us\/#breadcrumb\"},\"inLanguage\":\"fr-CA\",\"potentialAction\":[{\"@type\":\"ReadAction\",\"target\":[\"https:\/\/travauxpronovus.com\/about-us\/\"]}]},{\"@type\":\"BreadcrumbList\",\"@id\":\"https:\/\/travauxpronovus.com\/about-us\/#breadcrumb\",\"itemListElement\":[{\"@type\":\"ListItem\",\"position\":1,\"name\":\"Home\",\"item\":\"https:\/\/travauxpronovus.com\/\"},{\"@type\":\"ListItem\",\"position\":2,\"name\":\"About Us\"}]},{\"@type\":\"WebSite\",\"@id\":\"https:\/\/travauxpronovus.com\/#website\",\"url\":\"https:\/\/travauxpronovus.com\/\",\"name\":\"Pronovus\",\"description\":\"Your Trusted Renovation Partner \",\"publisher\":{\"@id\":\"https:\/\/travauxpronovus.com\/#organization\"},\"potentialAction\":[{\"@type\":\"SearchAction\",\"target\":{\"@type\":\"EntryPoint\",\"urlTemplate\":\"https:\/\/travauxpronovus.com\/?s={search_term_string}\"},\"query-input\":\"required name=search_term_string\"}],\"inLanguage\":\"fr-CA\"},{\"@type\":\"Organization\",\"@id\":\"https:\/\/travauxpronovus.com\/#organization\",\"name\":\"Pronovus\",\"url\":\"https:\/\/travauxpronovus.com\/\",\"logo\":{\"@type\":\"ImageObject\",\"inLanguage\":\"fr-CA\",\"@id\":\"https:\/\/travauxpronovus.com\/#\/schema\/logo\/image\/\",\"url\":\"https:\/\/travauxpronovus.com\/wp-content\/uploads\/2024\/07\/Logo-PNG-1.png\",\"contentUrl\":\"https:\/\/travauxpronovus.com\/wp-content\/uploads\/2024\/07\/Logo-PNG-1.png\",\"width\":1782,\"height\":485,\"caption\":\"Pronovus\"},\"image\":{\"@id\":\"https:\/\/travauxpronovus.com\/#\/schema\/logo\/image\/\"}}]}<\/script>\n<!-- \/ Yoast SEO plugin. -->","yoast_head_json":{"title":"About Us - Pronovus","description":"Your trusted high-quality renovation company in Montreal. We are committed to excellence, personalized service, and innovative solutions.","robots":{"index":"index","follow":"follow","max-snippet":"max-snippet:-1","max-image-preview":"max-image-preview:large","max-video-preview":"max-video-preview:-1"},"canonical":"https:\/\/travauxpronovus.com\/fr\/about-us\/","og_locale":"fr_CA","og_type":"article","og_title":"About Us - Pronovus","og_description":"Your trusted high-quality renovation company in Montreal. We are committed to excellence, personalized service, and innovative solutions.","og_url":"https:\/\/travauxpronovus.com\/fr\/about-us\/","og_site_name":"Pronovus","article_modified_time":"2024-08-27T14:09:00+00:00","twitter_card":"summary_large_image","twitter_misc":{"Estimation du temps de lecture":"2 minutes"},"schema":{"@context":"https:\/\/schema.org","@graph":[{"@type":"WebPage","@id":"https:\/\/travauxpronovus.com\/about-us\/","url":"https:\/\/travauxpronovus.com\/about-us\/","name":"About Us - Pronovus","isPartOf":{"@id":"https:\/\/travauxpronovus.com\/#website"},"datePublished":"2024-07-30T06:52:53+00:00","dateModified":"2024-08-27T14:09:00+00:00","description":"Your trusted high-quality renovation company in Montreal. We are committed to excellence, personalized service, and innovative solutions.","breadcrumb":{"@id":"https:\/\/travauxpronovus.com\/about-us\/#breadcrumb"},"inLanguage":"fr-CA","potentialAction":[{"@type":"ReadAction","target":["https:\/\/travauxpronovus.com\/about-us\/"]}]},{"@type":"BreadcrumbList","@id":"https:\/\/travauxpronovus.com\/about-us\/#breadcrumb","itemListElement":[{"@type":"ListItem","position":1,"name":"Home","item":"https:\/\/travauxpronovus.com\/"},{"@type":"ListItem","position":2,"name":"About Us"}]},{"@type":"WebSite","@id":"https:\/\/travauxpronovus.com\/#website","url":"https:\/\/travauxpronovus.com\/","name":"Pronovus","description":"Your Trusted Renovation Partner ","publisher":{"@id":"https:\/\/travauxpronovus.com\/#organization"},"potentialAction":[{"@type":"SearchAction","target":{"@type":"EntryPoint","urlTemplate":"https:\/\/travauxpronovus.com\/?s={search_term_string}"},"query-input":"required name=search_term_string"}],"inLanguage":"fr-CA"},{"@type":"Organization","@id":"https:\/\/travauxpronovus.com\/#organization","name":"Pronovus","url":"https:\/\/travauxpronovus.com\/","logo":{"@type":"ImageObject","inLanguage":"fr-CA","@id":"https:\/\/travauxpronovus.com\/#\/schema\/logo\/image\/","url":"https:\/\/travauxpronovus.com\/wp-content\/uploads\/2024\/07\/Logo-PNG-1.png","contentUrl":"https:\/\/travauxpronovus.com\/wp-content\/uploads\/2024\/07\/Logo-PNG-1.png","width":1782,"height":485,"caption":"Pronovus"},"image":{"@id":"https:\/\/travauxpronovus.com\/#\/schema\/logo\/image\/"}}]}},"_links":{"self":[{"href":"https:\/\/travauxpronovus.com\/fr\/wp-json\/wp\/v2\/pages\/92","targetHints":{"allow":["GET"]}}],"collection":[{"href":"https:\/\/travauxpronovus.com\/fr\/wp-json\/wp\/v2\/pages"}],"about":[{"href":"https:\/\/travauxpronovus.com\/fr\/wp-json\/wp\/v2\/types\/page"}],"author":[{"embeddable":true,"href":"https:\/\/travauxpronovus.com\/fr\/wp-json\/wp\/v2\/users\/1"}],"replies":[{"embeddable":true,"href":"https:\/\/travauxpronovus.com\/fr\/wp-json\/wp\/v2\/comments?post=92"}],"version-history":[{"count":20,"href":"https:\/\/travauxpronovus.com\/fr\/wp-json\/wp\/v2\/pages\/92\/revisions"}],"predecessor-version":[{"id":311,"href":"https:\/\/travauxpronovus.com\/fr\/wp-json\/wp\/v2\/pages\/92\/revisions\/311"}],"wp:attachment":[{"href":"https:\/\/travauxpronovus.com\/fr\/wp-json\/wp\/v2\/media?parent=92"}],"curies":[{"name":"wp","href":"https:\/\/api.w.org\/{rel}","templated":true}]}}