{"id":96,"date":"2024-07-30T06:53:15","date_gmt":"2024-07-30T06:53:15","guid":{"rendered":"https:\/\/travauxpronovus.com\/website\/?page_id=96"},"modified":"2024-08-18T22:26:54","modified_gmt":"2024-08-18T22:26:54","slug":"projects","status":"publish","type":"page","link":"https:\/\/travauxpronovus.com\/fr\/projects\/","title":{"rendered":"Projets"},"content":{"rendered":"<p>[et_pb_section fb_built=&#8221;1&#8243; fullwidth=&#8221;on&#8221; _builder_version=&#8221;4.27.0&#8243; _module_preset=&#8221;default&#8221; background_image=&#8221;https:\/\/travauxpronovus.com\/wp-content\/uploads\/2024\/07\/aboutus.jpeg&#8221; global_colors_info=&#8221;{}&#8221;][et_pb_fullwidth_header title=&#8221;PROJECTS&#8221; text_orientation=&#8221;center&#8221; header_scroll_down=&#8221;on&#8221; scroll_down_icon=&#8221;%%8%%&#8221; scroll_down_icon_size=&#8221;41px&#8221; title_tablet=&#8221;ABOUT US&#8221; title_phone=&#8221;PROJECTS&#8221; title_last_edited=&#8221;on|phone&#8221; scroll_down_icon_tablet=&#8221;%%8%%&#8221; scroll_down_icon_phone=&#8221;%%8%%&#8221; scroll_down_icon_last_edited=&#8221;on|phone&#8221; scroll_down_icon_size_tablet=&#8221;41px&#8221; scroll_down_icon_size_phone=&#8221;41px&#8221; scroll_down_icon_size_last_edited=&#8221;on|phone&#8221; _builder_version=&#8221;4.27.0&#8243; _module_preset=&#8221;default&#8221; title_font=&#8221;|700|||||||&#8221; title_text_align=&#8221;center&#8221; title_font_size=&#8221;100px&#8221; content_font=&#8221;|700|||||||&#8221; background_image=&#8221;https:\/\/travauxpronovus.com\/wp-content\/uploads\/2024\/08\/projects.jpeg&#8221; module_alignment=&#8221;center&#8221; custom_margin=&#8221;||||false|false&#8221; custom_margin_tablet=&#8221;||||false|false&#8221; custom_margin_phone=&#8221;||||false|false&#8221; custom_margin_last_edited=&#8221;on|desktop&#8221; custom_padding=&#8221;180px||180px||false|false&#8221; custom_padding_tablet=&#8221;180px||180px||false|false&#8221; custom_padding_phone=&#8221;80px||80px||false|false&#8221; custom_padding_last_edited=&#8221;on|desktop&#8221; title_font_size_tablet=&#8221;100px&#8221; title_font_size_phone=&#8221;46px&#8221; title_font_size_last_edited=&#8221;on|phone&#8221; module_alignment_tablet=&#8221;center&#8221; module_alignment_phone=&#8221;center&#8221; module_alignment_last_edited=&#8221;on|phone&#8221; text_shadow_style=&#8221;preset2&#8243; text_shadow_blur_strength=&#8221;0.31em&#8221; text_shadow_color=&#8221;#000000&#8243; global_colors_info=&#8221;{}&#8221;][\/et_pb_fullwidth_header][\/et_pb_section][et_pb_section fb_built=&#8221;1&#8243; inner_shadow=&#8221;on&#8221; _builder_version=&#8221;4.27.0&#8243; _module_preset=&#8221;default&#8221; hover_enabled=&#8221;0&#8243; border_color_all=&#8221;#FFFFFF&#8221; global_colors_info=&#8221;{}&#8221; custom_padding=&#8221;||0px||false|false&#8221; sticky_enabled=&#8221;0&#8243;][et_pb_row _builder_version=&#8221;4.27.0&#8243; _module_preset=&#8221;default&#8221; global_colors_info=&#8221;{}&#8221;][et_pb_column type=&#8221;4_4&#8243; _builder_version=&#8221;4.27.0&#8243; _module_preset=&#8221;default&#8221; global_colors_info=&#8221;{}&#8221;][et_pb_text _builder_version=&#8221;4.27.0&#8243; _module_preset=&#8221;default&#8221; text_text_color=&#8221;#000000&#8243; text_font_size=&#8221;25px&#8221; text_line_height=&#8221;1.2em&#8221; text_orientation=&#8221;justified&#8221; text_font_size_tablet=&#8221;25px&#8221; text_font_size_phone=&#8221;17px&#8221; text_font_size_last_edited=&#8221;on|desktop&#8221; global_colors_info=&#8221;{}&#8221;]<\/p>\n<p><strong>Notre Travail Parle de Lui-m\u00eame<\/strong><\/p>\n<p>Chez PRONOVUS, nous sommes fiers des projets et des transformations que nous cr\u00e9ons.<\/p>\n<p>Explorez notre portefeuille de projets r\u00e9alis\u00e9s pour d\u00e9couvrir la qualit\u00e9 et le savoir-faire qui nous distinguent.<\/p>\n<p>[\/et_pb_text][\/et_pb_column][\/et_pb_row][et_pb_row column_structure=&#8221;1_2,1_2&#8243; _builder_version=&#8221;4.27.0&#8243; _module_preset=&#8221;default&#8221; global_colors_info=&#8221;{}&#8221;][et_pb_column type=&#8221;1_2&#8243; _builder_version=&#8221;4.27.0&#8243; _module_preset=&#8221;default&#8221; global_colors_info=&#8221;{}&#8221;][et_pb_text _builder_version=&#8221;4.27.0&#8243; _module_preset=&#8221;default&#8221; text_text_color=&#8221;#000000&#8243; text_font_size=&#8221;27px&#8221; text_orientation=&#8221;center&#8221; text_font_size_tablet=&#8221;27px&#8221; text_font_size_phone=&#8221;17px&#8221; text_font_size_last_edited=&#8221;on|phone&#8221; global_colors_info=&#8221;{}&#8221;]<\/p>\n<p><strong>R\u00c9NOVATION DE LA CUISINE<\/strong><\/p>\n<p>[\/et_pb_text][et_pb_gallery gallery_ids=&#8221;198,199&#8243; fullwidth=&#8221;on&#8221; _builder_version=&#8221;4.27.0&#8243; _module_preset=&#8221;default&#8221; global_colors_info=&#8221;{}&#8221;][\/et_pb_gallery][et_pb_text _builder_version=&#8221;4.27.0&#8243; _module_preset=&#8221;default&#8221; text_text_color=&#8221;#000000&#8243; text_font_size=&#8221;21px&#8221; text_letter_spacing=&#8221;1px&#8221; text_font_size_tablet=&#8221;21px&#8221; text_font_size_phone=&#8221;17px&#8221; text_font_size_last_edited=&#8221;on|phone&#8221; global_colors_info=&#8221;{}&#8221;]<\/p>\n<ul>\n<li><strong>D\u00e9fi:<\/strong> Disposition obsol\u00e8te et manque de rangement.<\/li>\n<li><strong>Solution:<\/strong> Un dessin modernis\u00e9 avec de nombreuses armoires et des appareils \u00e9lectrom\u00e9nagers \u00e9l\u00e9gants.<\/li>\n<li><strong>R\u00e9sultat:<\/strong> Une cuisine fonctionnelle et \u00e9l\u00e9gante qui est le c\u0153ur de la maison.<\/li>\n<\/ul>\n<p>[\/et_pb_text][\/et_pb_column][et_pb_column type=&#8221;1_2&#8243; _builder_version=&#8221;4.27.0&#8243; _module_preset=&#8221;default&#8221; global_colors_info=&#8221;{}&#8221;][et_pb_text _builder_version=&#8221;4.27.0&#8243; _module_preset=&#8221;default&#8221; text_text_color=&#8221;#000000&#8243; text_font_size=&#8221;27px&#8221; text_orientation=&#8221;center&#8221; text_font_size_tablet=&#8221;27px&#8221; text_font_size_phone=&#8221;17px&#8221; text_font_size_last_edited=&#8221;on|phone&#8221; global_colors_info=&#8221;{}&#8221;]<\/p>\n<p><strong>R\u00c9NOVATION DE LA SALLE DE BAIN<\/strong><\/p>\n<p>[\/et_pb_text][et_pb_gallery gallery_ids=&#8221;202,203&#8243; fullwidth=&#8221;on&#8221; _builder_version=&#8221;4.27.0&#8243; _module_preset=&#8221;default&#8221; global_colors_info=&#8221;{}&#8221;][\/et_pb_gallery][et_pb_text _builder_version=&#8221;4.27.0&#8243; _module_preset=&#8221;default&#8221; text_text_color=&#8221;#000000&#8243; text_font_size=&#8221;21px&#8221; text_letter_spacing=&#8221;1px&#8221; text_font_size_tablet=&#8221;21px&#8221; text_font_size_phone=&#8221;17px&#8221; text_font_size_last_edited=&#8221;on|phone&#8221; global_colors_info=&#8221;{}&#8221;]<\/p>\n<ul>\n<li><strong>D\u00e9fi:<\/strong> Salle de bain petite et obsol\u00e8te avec une fonctionnalit\u00e9 limit\u00e9e.<\/li>\n<li><strong>Solution:<\/strong> Un design peu spacieux avec des finitions de qualit\u00e9 qui offrent un environnement confortable<\/li>\n<li><strong>R\u00e9sultat:<\/strong> Une salle de bain moderne et fonctionnelle<\/li>\n<\/ul>\n<p>[\/et_pb_text][\/et_pb_column][\/et_pb_row][et_pb_row column_structure=&#8221;1_2,1_2&#8243; _builder_version=&#8221;4.27.0&#8243; _module_preset=&#8221;default&#8221; global_colors_info=&#8221;{}&#8221;][et_pb_column type=&#8221;1_2&#8243; _builder_version=&#8221;4.27.0&#8243; _module_preset=&#8221;default&#8221; global_colors_info=&#8221;{}&#8221;][et_pb_text _builder_version=&#8221;4.27.0&#8243; _module_preset=&#8221;default&#8221; text_text_color=&#8221;#000000&#8243; text_font_size=&#8221;27px&#8221; text_orientation=&#8221;center&#8221; text_font_size_tablet=&#8221;27px&#8221; text_font_size_phone=&#8221;17px&#8221; text_font_size_last_edited=&#8221;on|phone&#8221; global_colors_info=&#8221;{}&#8221;]<\/p>\n<p><strong>R\u00c9NOVATION EXT\u00c9RIEURE<\/strong><\/p>\n<p>[\/et_pb_text][et_pb_gallery gallery_ids=&#8221;200,201&#8243; fullwidth=&#8221;on&#8221; _builder_version=&#8221;4.27.0&#8243; _module_preset=&#8221;default&#8221; global_colors_info=&#8221;{}&#8221;][\/et_pb_gallery][et_pb_text _builder_version=&#8221;4.27.0&#8243; _module_preset=&#8221;default&#8221; text_text_color=&#8221;#000000&#8243; text_font_size=&#8221;21px&#8221; text_letter_spacing=&#8221;1px&#8221; text_font_size_tablet=&#8221;21px&#8221; text_font_size_phone=&#8221;17px&#8221; text_font_size_last_edited=&#8221;on|phone&#8221; global_colors_info=&#8221;{}&#8221;]<\/p>\n<ul>\n<li><strong>D\u00e9fi:<\/strong> Terrasse de mauvaise apparence.\u00a0<\/li>\n<li><strong>Solution:<\/strong> Le bardage, les fen\u00eatres et le paysage ont \u00e9t\u00e9 modernis\u00e9s pour donner un aspect moderne \u00e0 l'ensemble.<\/li>\n<li><strong>R\u00e9sultat:<\/strong> Un ext\u00e9rieur de maison magnifique qui donne une premi\u00e8re impression forte.<\/li>\n<\/ul>\n<p>[\/et_pb_text][\/et_pb_column][et_pb_column type=&#8221;1_2&#8243; _builder_version=&#8221;4.27.0&#8243; _module_preset=&#8221;default&#8221; global_colors_info=&#8221;{}&#8221;][et_pb_text _builder_version=&#8221;4.27.0&#8243; _module_preset=&#8221;default&#8221; text_text_color=&#8221;#000000&#8243; text_font_size=&#8221;23px&#8221; text_orientation=&#8221;center&#8221; text_font_size_tablet=&#8221;23px&#8221; text_font_size_phone=&#8221;17px&#8221; text_font_size_last_edited=&#8221;on|phone&#8221; global_colors_info=&#8221;{}&#8221;]<\/p>\n<p><strong>PORTES ET FEN\u00caTRES POUR ENTREPRENEURS<\/strong><\/p>\n<p>[\/et_pb_text][et_pb_gallery gallery_ids=&#8221;211,212&#8243; fullwidth=&#8221;on&#8221; _builder_version=&#8221;4.27.0&#8243; _module_preset=&#8221;default&#8221; global_colors_info=&#8221;{}&#8221;][\/et_pb_gallery][et_pb_text _builder_version=&#8221;4.27.0&#8243; _module_preset=&#8221;default&#8221; text_text_color=&#8221;#000000&#8243; text_font_size=&#8221;21px&#8221; text_letter_spacing=&#8221;1px&#8221; text_font_size_tablet=&#8221;21px&#8221; text_font_size_phone=&#8221;17px&#8221; text_font_size_last_edited=&#8221;on|phone&#8221; global_colors_info=&#8221;{}&#8221;]<\/p>\n<ul>\n<li><strong>D\u00e9fi:<\/strong><span> Portes et fen\u00eatres obsol\u00e8tes dans les grands b\u00e2timents.<\/span><\/li>\n<li><strong>Solution:<\/strong><span> Un programme de remplacement pour <\/span><span>r\u00e9duire les co\u00fbts d'entretien,<\/span><span> et am\u00e9liorer l'attrait esth\u00e9tique du b\u00e2timent.<\/span><\/li>\n<li><strong>R\u00e9sultat:<\/strong><span> Un plus grand confort pour les r\u00e9sidents et les invit\u00e9s,<\/span><span> ainsi qu'une revalorisation de la propri\u00e9t\u00e9.<\/span><\/li>\n<\/ul>\n<p>[\/et_pb_text][\/et_pb_column][\/et_pb_row][et_pb_row _builder_version=&#8221;4.27.0&#8243; _module_preset=&#8221;default&#8221; global_colors_info=&#8221;{}&#8221;][et_pb_column type=&#8221;4_4&#8243; _builder_version=&#8221;4.27.0&#8243; _module_preset=&#8221;default&#8221; global_colors_info=&#8221;{}&#8221;][et_pb_text _builder_version=&#8221;4.27.0&#8243; _module_preset=&#8221;default&#8221; text_text_color=&#8221;#000000&#8243; text_font_size=&#8221;25px&#8221; text_line_height=&#8221;1.2em&#8221; text_orientation=&#8221;justified&#8221; text_font_size_tablet=&#8221;25px&#8221; text_font_size_phone=&#8221;17px&#8221; text_font_size_last_edited=&#8221;on|desktop&#8221; global_colors_info=&#8221;{}&#8221;]<\/p>\n<p><strong>Pr\u00eat \u00e0 voir la maison de vos r\u00eaves prendre vie ?<\/strong><\/p>\n<p>[\/et_pb_text][et_pb_button button_url=&#8221;https:\/\/travauxpronovus.com\/contact-us\/&#8221; button_text=&#8221;Contact us today to schedule a consultation.&#8221; button_alignment=&#8221;left&#8221; button_text_tablet=&#8221;Contact us today to schedule a consultation.&#8221; button_text_phone=&#8221;Contact us today to schedule a consultation.&#8221; button_text_last_edited=&#8221;on|phone&#8221; button_alignment_tablet=&#8221;left&#8221; button_alignment_phone=&#8221;center&#8221; button_alignment_last_edited=&#8221;on|desktop&#8221; _builder_version=&#8221;4.27.0&#8243; _module_preset=&#8221;default&#8221; custom_button=&#8221;on&#8221; button_text_size=&#8221;22px&#8221; button_text_color=&#8221;#FFFFFF&#8221; button_bg_color=&#8221;#2e3192&#8243; button_border_color=&#8221;gcid-37f36b32-dbae-401b-90d4-c95914a50351&#8243; button_border_radius=&#8221;100px&#8221; button_font=&#8221;|700||on|||||&#8221; button_icon_color=&#8221;#0C71C3&#8243; button_text_size_tablet=&#8221;22px&#8221; button_text_size_phone=&#8221;13px&#8221; button_text_size_last_edited=&#8221;on|desktop&#8221; global_colors_info=&#8221;{%22gcid-37f36b32-dbae-401b-90d4-c95914a50351%22:%91%22button_border_color%22%93}&#8221;][\/et_pb_button][\/et_pb_column][\/et_pb_row][et_pb_row _builder_version=&#8221;4.27.0&#8243; _module_preset=&#8221;default&#8221; global_colors_info=&#8221;{}&#8221;][et_pb_column type=&#8221;4_4&#8243; _builder_version=&#8221;4.27.0&#8243; _module_preset=&#8221;default&#8221; global_colors_info=&#8221;{}&#8221;][et_pb_text _builder_version=&#8221;4.27.0&#8243; _module_preset=&#8221;default&#8221; text_text_color=&#8221;#000000&#8243; text_font_size=&#8221;25px&#8221; text_line_height=&#8221;1.2em&#8221; text_orientation=&#8221;justified&#8221; custom_padding=&#8221;||0px|||&#8221; text_font_size_tablet=&#8221;25px&#8221; text_font_size_phone=&#8221;17px&#8221; text_font_size_last_edited=&#8221;on|desktop&#8221; global_colors_info=&#8221;{}&#8221;]<\/p>\n<p data-sourcepos=\"3:1-3:73\"><span>\u00c0 PRONOVUS,<\/span><span> notre principe directeur est d'\u00e9couter attentivement vos besoins et de les traduire en r\u00e9alit\u00e9.<\/span><span> Notre \u00e9quipe sp\u00e9cialis\u00e9e s'engage \u00e0 comprendre votre vision et \u00e0 travailler en \u00e9troite collaboration avec vous pour cr\u00e9er une exp\u00e9rience de r\u00e9novation personnalis\u00e9e.<\/span><\/p>\n<p data-sourcepos=\"5:1-5:235\"><span>De la consultation initiale \u00e0 la visite finale,<\/span><span> nous nous effor\u00e7ons de fournir un service exceptionnel et de d\u00e9passer vos attentes.<\/span><span> Nous sommes passionn\u00e9s par la recherche des bons mat\u00e9riaux,<\/span><span> des \u00e9l\u00e9ments de conception<\/span><span> et des solutions innovantes pour donner vie \u00e0 la maison de vos r\u00eaves.<\/span><\/p>\n<p data-sourcepos=\"7:1-7:260\"><span>Notre \u00e9quipe s'attache \u00e0 fournir un travail de la plus haute qualit\u00e9 et \u00e0 garantir votre enti\u00e8re satisfaction.<\/span><span> Nous pensons qu'en \u00e9coutant vos besoins et en travaillant en collaboration,<\/span><span> nous pouvons cr\u00e9er un espace qui non seulement r\u00e9pond \u00e0 vos attentes, mais les d\u00e9passe.<\/span><\/p>\n<p>[\/et_pb_text][et_pb_button button_url=&#8221;https:\/\/ca.pinterest.com\/search\/pins\/?rs=ac&#038;len=2&#038;q=windows%20and%20doors%20design&#038;eq=windows%20and%20doors&#038;etslf=7820&#8243; button_text=&#8221;Get extra inspo online&#8221; button_alignment=&#8221;center&#8221; _builder_version=&#8221;4.27.0&#8243; _module_preset=&#8221;default&#8221; custom_button=&#8221;on&#8221; button_text_size=&#8221;22px&#8221; button_text_color=&#8221;#000000&#8243; button_border_radius=&#8221;100px&#8221; button_font=&#8221;|700|||||||&#8221; button_text_size_tablet=&#8221;22px&#8221; button_text_size_phone=&#8221;13px&#8221; button_text_size_last_edited=&#8221;on|phone&#8221; global_colors_info=&#8221;{}&#8221;][\/et_pb_button][\/et_pb_column][\/et_pb_row][\/et_pb_section]<\/p>","protected":false},"excerpt":{"rendered":"<p>Our Work Speaks for Itself At PRONOVUS, we&#8217;re proud of the projects and transformation we create. Explore our portfolio of completed projects to see the quality and craftsmanship that sets us apart.KITCHEN REMODEL Challenge: Outdated layout and lack of storage. Solution: Modernized design with ample cabinetry and sleek appliances. Result: A functional and stylish kitchen [&hellip;]<\/p>","protected":false},"author":1,"featured_media":0,"parent":0,"menu_order":0,"comment_status":"closed","ping_status":"closed","template":"","meta":{"_et_pb_use_builder":"on","_et_pb_old_content":"<!-- wp:divi\/placeholder \/-->","_et_gb_content_width":"","footnotes":""},"class_list":["post-96","page","type-page","status-publish","hentry"],"yoast_head":"<!-- This site is optimized with the Yoast SEO plugin v23.2 - https:\/\/yoast.com\/wordpress\/plugins\/seo\/ -->\n<title>Projects - Pronovus<\/title>\n<meta name=\"description\" content=\"Discover our portfolio of completed projects. See how PRONOVUS transformed homes in Montreal. From kitchens and bathrooms to full renovations, explore our stunning before-and-after photos.\" \/>\n<meta name=\"robots\" content=\"index, follow, max-snippet:-1, max-image-preview:large, max-video-preview:-1\" \/>\n<link rel=\"canonical\" href=\"https:\/\/travauxpronovus.com\/fr\/projects\/\" \/>\n<meta property=\"og:locale\" content=\"fr_CA\" \/>\n<meta property=\"og:type\" content=\"article\" \/>\n<meta property=\"og:title\" content=\"Projects - Pronovus\" \/>\n<meta property=\"og:description\" content=\"Discover our portfolio of completed projects. See how PRONOVUS transformed homes in Montreal. From kitchens and bathrooms to full renovations, explore our stunning before-and-after photos.\" \/>\n<meta property=\"og:url\" content=\"https:\/\/travauxpronovus.com\/fr\/projects\/\" \/>\n<meta property=\"og:site_name\" content=\"Pronovus\" \/>\n<meta property=\"article:modified_time\" content=\"2024-08-18T22:26:54+00:00\" \/>\n<meta name=\"twitter:card\" content=\"summary_large_image\" \/>\n<meta name=\"twitter:label1\" content=\"Estimation du temps de lecture\" \/>\n\t<meta name=\"twitter:data1\" content=\"3 minutes\" \/>\n<script type=\"application\/ld+json\" class=\"yoast-schema-graph\">{\"@context\":\"https:\/\/schema.org\",\"@graph\":[{\"@type\":\"WebPage\",\"@id\":\"https:\/\/travauxpronovus.com\/projects\/\",\"url\":\"https:\/\/travauxpronovus.com\/projects\/\",\"name\":\"Projects - Pronovus\",\"isPartOf\":{\"@id\":\"https:\/\/travauxpronovus.com\/#website\"},\"datePublished\":\"2024-07-30T06:53:15+00:00\",\"dateModified\":\"2024-08-18T22:26:54+00:00\",\"description\":\"Discover our portfolio of completed projects. See how PRONOVUS transformed homes in Montreal. From kitchens and bathrooms to full renovations, explore our stunning before-and-after photos.\",\"breadcrumb\":{\"@id\":\"https:\/\/travauxpronovus.com\/projects\/#breadcrumb\"},\"inLanguage\":\"fr-CA\",\"potentialAction\":[{\"@type\":\"ReadAction\",\"target\":[\"https:\/\/travauxpronovus.com\/projects\/\"]}]},{\"@type\":\"BreadcrumbList\",\"@id\":\"https:\/\/travauxpronovus.com\/projects\/#breadcrumb\",\"itemListElement\":[{\"@type\":\"ListItem\",\"position\":1,\"name\":\"Home\",\"item\":\"https:\/\/travauxpronovus.com\/\"},{\"@type\":\"ListItem\",\"position\":2,\"name\":\"Projects\"}]},{\"@type\":\"WebSite\",\"@id\":\"https:\/\/travauxpronovus.com\/#website\",\"url\":\"https:\/\/travauxpronovus.com\/\",\"name\":\"Pronovus\",\"description\":\"Your Trusted Renovation Partner \",\"publisher\":{\"@id\":\"https:\/\/travauxpronovus.com\/#organization\"},\"potentialAction\":[{\"@type\":\"SearchAction\",\"target\":{\"@type\":\"EntryPoint\",\"urlTemplate\":\"https:\/\/travauxpronovus.com\/?s={search_term_string}\"},\"query-input\":\"required name=search_term_string\"}],\"inLanguage\":\"fr-CA\"},{\"@type\":\"Organization\",\"@id\":\"https:\/\/travauxpronovus.com\/#organization\",\"name\":\"Pronovus\",\"url\":\"https:\/\/travauxpronovus.com\/\",\"logo\":{\"@type\":\"ImageObject\",\"inLanguage\":\"fr-CA\",\"@id\":\"https:\/\/travauxpronovus.com\/#\/schema\/logo\/image\/\",\"url\":\"https:\/\/travauxpronovus.com\/wp-content\/uploads\/2024\/07\/Logo-PNG-1.png\",\"contentUrl\":\"https:\/\/travauxpronovus.com\/wp-content\/uploads\/2024\/07\/Logo-PNG-1.png\",\"width\":1782,\"height\":485,\"caption\":\"Pronovus\"},\"image\":{\"@id\":\"https:\/\/travauxpronovus.com\/#\/schema\/logo\/image\/\"}}]}<\/script>\n<!-- \/ Yoast SEO plugin. -->","yoast_head_json":{"title":"Projects - Pronovus","description":"Discover our portfolio of completed projects. See how PRONOVUS transformed homes in Montreal. From kitchens and bathrooms to full renovations, explore our stunning before-and-after photos.","robots":{"index":"index","follow":"follow","max-snippet":"max-snippet:-1","max-image-preview":"max-image-preview:large","max-video-preview":"max-video-preview:-1"},"canonical":"https:\/\/travauxpronovus.com\/fr\/projects\/","og_locale":"fr_CA","og_type":"article","og_title":"Projects - Pronovus","og_description":"Discover our portfolio of completed projects. See how PRONOVUS transformed homes in Montreal. From kitchens and bathrooms to full renovations, explore our stunning before-and-after photos.","og_url":"https:\/\/travauxpronovus.com\/fr\/projects\/","og_site_name":"Pronovus","article_modified_time":"2024-08-18T22:26:54+00:00","twitter_card":"summary_large_image","twitter_misc":{"Estimation du temps de lecture":"3 minutes"},"schema":{"@context":"https:\/\/schema.org","@graph":[{"@type":"WebPage","@id":"https:\/\/travauxpronovus.com\/projects\/","url":"https:\/\/travauxpronovus.com\/projects\/","name":"Projects - Pronovus","isPartOf":{"@id":"https:\/\/travauxpronovus.com\/#website"},"datePublished":"2024-07-30T06:53:15+00:00","dateModified":"2024-08-18T22:26:54+00:00","description":"Discover our portfolio of completed projects. See how PRONOVUS transformed homes in Montreal. From kitchens and bathrooms to full renovations, explore our stunning before-and-after photos.","breadcrumb":{"@id":"https:\/\/travauxpronovus.com\/projects\/#breadcrumb"},"inLanguage":"fr-CA","potentialAction":[{"@type":"ReadAction","target":["https:\/\/travauxpronovus.com\/projects\/"]}]},{"@type":"BreadcrumbList","@id":"https:\/\/travauxpronovus.com\/projects\/#breadcrumb","itemListElement":[{"@type":"ListItem","position":1,"name":"Home","item":"https:\/\/travauxpronovus.com\/"},{"@type":"ListItem","position":2,"name":"Projects"}]},{"@type":"WebSite","@id":"https:\/\/travauxpronovus.com\/#website","url":"https:\/\/travauxpronovus.com\/","name":"Pronovus","description":"Your Trusted Renovation Partner ","publisher":{"@id":"https:\/\/travauxpronovus.com\/#organization"},"potentialAction":[{"@type":"SearchAction","target":{"@type":"EntryPoint","urlTemplate":"https:\/\/travauxpronovus.com\/?s={search_term_string}"},"query-input":"required name=search_term_string"}],"inLanguage":"fr-CA"},{"@type":"Organization","@id":"https:\/\/travauxpronovus.com\/#organization","name":"Pronovus","url":"https:\/\/travauxpronovus.com\/","logo":{"@type":"ImageObject","inLanguage":"fr-CA","@id":"https:\/\/travauxpronovus.com\/#\/schema\/logo\/image\/","url":"https:\/\/travauxpronovus.com\/wp-content\/uploads\/2024\/07\/Logo-PNG-1.png","contentUrl":"https:\/\/travauxpronovus.com\/wp-content\/uploads\/2024\/07\/Logo-PNG-1.png","width":1782,"height":485,"caption":"Pronovus"},"image":{"@id":"https:\/\/travauxpronovus.com\/#\/schema\/logo\/image\/"}}]}},"_links":{"self":[{"href":"https:\/\/travauxpronovus.com\/fr\/wp-json\/wp\/v2\/pages\/96","targetHints":{"allow":["GET"]}}],"collection":[{"href":"https:\/\/travauxpronovus.com\/fr\/wp-json\/wp\/v2\/pages"}],"about":[{"href":"https:\/\/travauxpronovus.com\/fr\/wp-json\/wp\/v2\/types\/page"}],"author":[{"embeddable":true,"href":"https:\/\/travauxpronovus.com\/fr\/wp-json\/wp\/v2\/users\/1"}],"replies":[{"embeddable":true,"href":"https:\/\/travauxpronovus.com\/fr\/wp-json\/wp\/v2\/comments?post=96"}],"version-history":[{"count":13,"href":"https:\/\/travauxpronovus.com\/fr\/wp-json\/wp\/v2\/pages\/96\/revisions"}],"predecessor-version":[{"id":306,"href":"https:\/\/travauxpronovus.com\/fr\/wp-json\/wp\/v2\/pages\/96\/revisions\/306"}],"wp:attachment":[{"href":"https:\/\/travauxpronovus.com\/fr\/wp-json\/wp\/v2\/media?parent=96"}],"curies":[{"name":"wp","href":"https:\/\/api.w.org\/{rel}","templated":true}]}}