{"id":98,"date":"2024-07-30T06:53:24","date_gmt":"2024-07-30T06:53:24","guid":{"rendered":"https:\/\/travauxpronovus.com\/website\/?page_id=98"},"modified":"2024-08-27T14:04:42","modified_gmt":"2024-08-27T14:04:42","slug":"contact-us","status":"publish","type":"page","link":"https:\/\/travauxpronovus.com\/fr\/contact-us\/","title":{"rendered":"Contactez-nous"},"content":{"rendered":"<p>[et_pb_section fb_built=&#8221;1&#8243; fullwidth=&#8221;on&#8221; _builder_version=&#8221;4.27.0&#8243; _module_preset=&#8221;default&#8221; background_image=&#8221;https:\/\/travauxpronovus.com\/wp-content\/uploads\/2024\/07\/aboutus.jpeg&#8221; global_colors_info=&#8221;{}&#8221;][et_pb_fullwidth_header title=&#8221;CONTACT US&#8221; text_orientation=&#8221;center&#8221; header_scroll_down=&#8221;on&#8221; scroll_down_icon=&#8221;%%8%%&#8221; scroll_down_icon_size=&#8221;41px&#8221; title_tablet=&#8221;ABOUT US&#8221; title_phone=&#8221;CONTACT US&#8221; title_last_edited=&#8221;on|phone&#8221; scroll_down_icon_tablet=&#8221;%%8%%&#8221; scroll_down_icon_phone=&#8221;%%8%%&#8221; scroll_down_icon_last_edited=&#8221;on|phone&#8221; scroll_down_icon_size_tablet=&#8221;41px&#8221; scroll_down_icon_size_phone=&#8221;41px&#8221; scroll_down_icon_size_last_edited=&#8221;on|phone&#8221; _builder_version=&#8221;4.27.0&#8243; _module_preset=&#8221;default&#8221; title_font=&#8221;|700|||||||&#8221; title_text_align=&#8221;center&#8221; title_font_size=&#8221;100px&#8221; content_font=&#8221;|700|||||||&#8221; background_image=&#8221;https:\/\/travauxpronovus.com\/wp-content\/uploads\/2024\/08\/contactus.jpeg&#8221; background_position=&#8221;bottom_center&#8221; background_vertical_offset=&#8221;4%&#8221; module_alignment=&#8221;center&#8221; custom_margin=&#8221;||||false|false&#8221; custom_margin_tablet=&#8221;||||false|false&#8221; custom_margin_phone=&#8221;||||false|false&#8221; custom_margin_last_edited=&#8221;on|desktop&#8221; custom_padding=&#8221;180px||180px||false|false&#8221; custom_padding_tablet=&#8221;180px||180px||false|false&#8221; custom_padding_phone=&#8221;80px||80px||false|false&#8221; custom_padding_last_edited=&#8221;on|desktop&#8221; title_font_size_tablet=&#8221;100px&#8221; title_font_size_phone=&#8221;46px&#8221; title_font_size_last_edited=&#8221;on|desktop&#8221; module_alignment_tablet=&#8221;center&#8221; module_alignment_phone=&#8221;center&#8221; module_alignment_last_edited=&#8221;on|phone&#8221; text_shadow_style=&#8221;preset2&#8243; text_shadow_blur_strength=&#8221;0.31em&#8221; text_shadow_color=&#8221;#000000&#8243; global_colors_info=&#8221;{}&#8221;][\/et_pb_fullwidth_header][\/et_pb_section][et_pb_section fb_built=&#8221;1&#8243; inner_shadow=&#8221;on&#8221; _builder_version=&#8221;4.27.0&#8243; _module_preset=&#8221;default&#8221; border_color_all=&#8221;#FFFFFF&#8221; global_colors_info=&#8221;{}&#8221;][et_pb_row column_structure=&#8221;1_2,1_2&#8243; _builder_version=&#8221;4.27.0&#8243; _module_preset=&#8221;default&#8221; global_colors_info=&#8221;{}&#8221;][et_pb_column type=&#8221;1_2&#8243; _builder_version=&#8221;4.27.0&#8243; _module_preset=&#8221;default&#8221; global_colors_info=&#8221;{}&#8221;][et_pb_text _builder_version=&#8221;4.27.0&#8243; _module_preset=&#8221;default&#8221; text_text_color=&#8221;#000000&#8243; text_font_size=&#8221;25px&#8221; text_line_height=&#8221;1.2em&#8221; text_orientation=&#8221;justified&#8221; text_font_size_tablet=&#8221;25px&#8221; text_font_size_phone=&#8221;17px&#8221; text_font_size_last_edited=&#8221;on|desktop&#8221; global_colors_info=&#8221;{}&#8221;]<\/p>\n<p><strong>Cr\u00e9ons ensemble la maison de vos r\u00eaves<\/strong><\/p>\n<p>Vous avez une question sur nos services ? Vous \u00eates pr\u00eat \u00e0 d\u00e9marrer votre prochain projet de r\u00e9novation ? Contactez-nous pour vous aider !<\/p>\n<p>Contactez l'\u00e9quipe <a href=\"https:\/\/travauxpronovus.com\/fr\/\">PRONOVUS<\/a> pour une consultation gratuite. Nos professionnels exp\u00e9riment\u00e9s sont impatients de discuter de votre vision et de vous fournir des conseils d'experts.<\/p>\n<p style=\"text-align: left;\"><strong>Comment nous contacter:<\/strong><\/p>\n<ul>\n<li style=\"text-align: left;\"><strong>Appelez-nous:<\/strong> \u00a0<a href=\"https:\/\/wa.me\/15146998930\">(514) 699-8930<\/a><\/li>\n<li style=\"text-align: left;\"><b>Fill the form bellow:<\/b><\/li>\n<\/ul>\n<p>[\/et_pb_text][\/et_pb_column][et_pb_column type=&#8221;1_2&#8243; _builder_version=&#8221;4.27.0&#8243; _module_preset=&#8221;default&#8221; global_colors_info=&#8221;{}&#8221;][et_pb_image src=&#8221;https:\/\/travauxpronovus.com\/wp-content\/uploads\/2024\/08\/Contact-us.jpg&#8221; alt=&#8221;renovation-company-contact-us&#8221; title_text=&#8221;Contact-us&#8221; _builder_version=&#8221;4.27.0&#8243; _module_preset=&#8221;default&#8221; global_colors_info=&#8221;{}&#8221;][\/et_pb_image][\/et_pb_column][\/et_pb_row][et_pb_row _builder_version=&#8221;4.27.0&#8243; _module_preset=&#8221;default&#8221; custom_padding=&#8221;26px|||||&#8221; global_colors_info=&#8221;{}&#8221;][et_pb_column type=&#8221;4_4&#8243; _builder_version=&#8221;4.27.0&#8243; _module_preset=&#8221;default&#8221; global_colors_info=&#8221;{}&#8221;][et_pb_contact_form captcha=&#8221;off&#8221; email=&#8221;jeremie.roy@travauxpronovus.com&#8221; title=&#8221;Contact us directly&#8221; success_message=&#8221;Thank you for reaching out! We will get back to you shortly to discuss your renovation dreams.&#8221; submit_button_text=&#8221;Send Your Message&#8221; title_tablet=&#8221;Get in Touch with Pronovus&#8221; title_phone=&#8221;Get in Touch with Pronovus&#8221; title_last_edited=&#8221;on|phone&#8221; _builder_version=&#8221;4.27.0&#8243; _module_preset=&#8221;default&#8221; _unique_id=&#8221;52220b2b-3777-431b-9117-d01b39f8cea2&#8243; form_field_background_color=&#8221;#f4f4f4&#8243; form_field_text_color=&#8221;#000000&#8243; form_field_focus_text_color=&#8221;#000000&#8243; title_level=&#8221;h2&#8243; title_font=&#8221;|600|||||||&#8221; title_text_align=&#8221;center&#8221; title_text_color=&#8221;#000000&#8243; title_font_size=&#8221;25px&#8221; captcha_text_color=&#8221;#FFFFFF&#8221; captcha_font_size=&#8221;1px&#8221; captcha_line_height=&#8221;1em&#8221; form_field_text_align=&#8221;left&#8221; custom_button=&#8221;on&#8221; button_text_size=&#8221;22px&#8221; button_text_color=&#8221;gcid-37f36b32-dbae-401b-90d4-c95914a50351&#8243; button_font=&#8221;|700|||||||&#8221; form_field_background_color_tablet=&#8221;#f4f4f4&#8243; form_field_background_color_phone=&#8221;#f4f4f4&#8243; form_field_background_color_last_edited=&#8221;on|phone&#8221; title_font_size_tablet=&#8221;30px&#8221; title_font_size_phone=&#8221;17px&#8221; title_font_size_last_edited=&#8221;on|phone&#8221; button_text_size_tablet=&#8221;22px&#8221; button_text_size_phone=&#8221;13px&#8221; button_text_size_last_edited=&#8221;on|phone&#8221; global_colors_info=&#8221;{%22gcid-37f36b32-dbae-401b-90d4-c95914a50351%22:%91%22button_text_color%22%93}&#8221;][et_pb_contact_field field_id=&#8221;Name&#8221; field_title=&#8221;Name&#8221; _builder_version=&#8221;4.27.0&#8243; global_colors_info=&#8221;{}&#8221; button_text_size__hover_enabled=&#8221;off&#8221; button_one_text_size__hover_enabled=&#8221;off&#8221; button_two_text_size__hover_enabled=&#8221;off&#8221; button_text_color__hover_enabled=&#8221;off&#8221; button_one_text_color__hover_enabled=&#8221;off&#8221; button_two_text_color__hover_enabled=&#8221;off&#8221; button_border_width__hover_enabled=&#8221;off&#8221; button_one_border_width__hover_enabled=&#8221;off&#8221; button_two_border_width__hover_enabled=&#8221;off&#8221; button_border_color__hover_enabled=&#8221;off&#8221; button_one_border_color__hover_enabled=&#8221;off&#8221; button_two_border_color__hover_enabled=&#8221;off&#8221; button_border_radius__hover_enabled=&#8221;off&#8221; button_one_border_radius__hover_enabled=&#8221;off&#8221; button_two_border_radius__hover_enabled=&#8221;off&#8221; button_letter_spacing__hover_enabled=&#8221;off&#8221; button_one_letter_spacing__hover_enabled=&#8221;off&#8221; button_two_letter_spacing__hover_enabled=&#8221;off&#8221; button_bg_color__hover_enabled=&#8221;off&#8221; button_one_bg_color__hover_enabled=&#8221;off&#8221; button_two_bg_color__hover_enabled=&#8221;off&#8221;][\/et_pb_contact_field][et_pb_contact_field field_id=&#8221;Last_Name&#8221; field_title=&#8221;Last Name&#8221; _builder_version=&#8221;4.27.0&#8243; global_colors_info=&#8221;{}&#8221; button_text_size__hover_enabled=&#8221;off&#8221; button_one_text_size__hover_enabled=&#8221;off&#8221; button_two_text_size__hover_enabled=&#8221;off&#8221; button_text_color__hover_enabled=&#8221;off&#8221; button_one_text_color__hover_enabled=&#8221;off&#8221; button_two_text_color__hover_enabled=&#8221;off&#8221; button_border_width__hover_enabled=&#8221;off&#8221; button_one_border_width__hover_enabled=&#8221;off&#8221; button_two_border_width__hover_enabled=&#8221;off&#8221; button_border_color__hover_enabled=&#8221;off&#8221; button_one_border_color__hover_enabled=&#8221;off&#8221; button_two_border_color__hover_enabled=&#8221;off&#8221; button_border_radius__hover_enabled=&#8221;off&#8221; button_one_border_radius__hover_enabled=&#8221;off&#8221; button_two_border_radius__hover_enabled=&#8221;off&#8221; button_letter_spacing__hover_enabled=&#8221;off&#8221; button_one_letter_spacing__hover_enabled=&#8221;off&#8221; button_two_letter_spacing__hover_enabled=&#8221;off&#8221; button_bg_color__hover_enabled=&#8221;off&#8221; button_one_bg_color__hover_enabled=&#8221;off&#8221; button_two_bg_color__hover_enabled=&#8221;off&#8221;][\/et_pb_contact_field][et_pb_contact_field field_id=&#8221;Email&#8221; field_title=&#8221;Email Address&#8221; field_type=&#8221;email&#8221; _builder_version=&#8221;4.16&#8243; global_colors_info=&#8221;{}&#8221; button_text_size__hover_enabled=&#8221;off&#8221; button_one_text_size__hover_enabled=&#8221;off&#8221; button_two_text_size__hover_enabled=&#8221;off&#8221; button_text_color__hover_enabled=&#8221;off&#8221; button_one_text_color__hover_enabled=&#8221;off&#8221; button_two_text_color__hover_enabled=&#8221;off&#8221; button_border_width__hover_enabled=&#8221;off&#8221; button_one_border_width__hover_enabled=&#8221;off&#8221; button_two_border_width__hover_enabled=&#8221;off&#8221; button_border_color__hover_enabled=&#8221;off&#8221; button_one_border_color__hover_enabled=&#8221;off&#8221; button_two_border_color__hover_enabled=&#8221;off&#8221; button_border_radius__hover_enabled=&#8221;off&#8221; button_one_border_radius__hover_enabled=&#8221;off&#8221; button_two_border_radius__hover_enabled=&#8221;off&#8221; button_letter_spacing__hover_enabled=&#8221;off&#8221; button_one_letter_spacing__hover_enabled=&#8221;off&#8221; button_two_letter_spacing__hover_enabled=&#8221;off&#8221; button_bg_color__hover_enabled=&#8221;off&#8221; button_one_bg_color__hover_enabled=&#8221;off&#8221; button_two_bg_color__hover_enabled=&#8221;off&#8221;][\/et_pb_contact_field][et_pb_contact_field field_id=&#8221;Phone&#8221; field_title=&#8221;Phone Number&#8221; allowed_symbols=&#8221;numbers&#8221; _builder_version=&#8221;4.27.0&#8243; global_colors_info=&#8221;{}&#8221; button_text_size__hover_enabled=&#8221;off&#8221; button_one_text_size__hover_enabled=&#8221;off&#8221; button_two_text_size__hover_enabled=&#8221;off&#8221; button_text_color__hover_enabled=&#8221;off&#8221; button_one_text_color__hover_enabled=&#8221;off&#8221; button_two_text_color__hover_enabled=&#8221;off&#8221; button_border_width__hover_enabled=&#8221;off&#8221; button_one_border_width__hover_enabled=&#8221;off&#8221; button_two_border_width__hover_enabled=&#8221;off&#8221; button_border_color__hover_enabled=&#8221;off&#8221; button_one_border_color__hover_enabled=&#8221;off&#8221; button_two_border_color__hover_enabled=&#8221;off&#8221; button_border_radius__hover_enabled=&#8221;off&#8221; button_one_border_radius__hover_enabled=&#8221;off&#8221; button_two_border_radius__hover_enabled=&#8221;off&#8221; button_letter_spacing__hover_enabled=&#8221;off&#8221; button_one_letter_spacing__hover_enabled=&#8221;off&#8221; button_two_letter_spacing__hover_enabled=&#8221;off&#8221; button_bg_color__hover_enabled=&#8221;off&#8221; button_one_bg_color__hover_enabled=&#8221;off&#8221; button_two_bg_color__hover_enabled=&#8221;off&#8221;][\/et_pb_contact_field][et_pb_contact_field field_id=&#8221;Project&#8221; field_title=&#8221;Project Details&#8221; field_type=&#8221;text&#8221; fullwidth_field=&#8221;on&#8221; _builder_version=&#8221;4.27.0&#8243; _module_preset=&#8221;default&#8221; global_colors_info=&#8221;{}&#8221;][\/et_pb_contact_field][et_pb_contact_field field_id=&#8221;Message&#8221; field_title=&#8221;Message&#8221; field_type=&#8221;text&#8221; fullwidth_field=&#8221;on&#8221; _builder_version=&#8221;4.16&#8243; global_colors_info=&#8221;{}&#8221; button_text_size__hover_enabled=&#8221;off&#8221; button_one_text_size__hover_enabled=&#8221;off&#8221; button_two_text_size__hover_enabled=&#8221;off&#8221; button_text_color__hover_enabled=&#8221;off&#8221; button_one_text_color__hover_enabled=&#8221;off&#8221; button_two_text_color__hover_enabled=&#8221;off&#8221; button_border_width__hover_enabled=&#8221;off&#8221; button_one_border_width__hover_enabled=&#8221;off&#8221; button_two_border_width__hover_enabled=&#8221;off&#8221; button_border_color__hover_enabled=&#8221;off&#8221; button_one_border_color__hover_enabled=&#8221;off&#8221; button_two_border_color__hover_enabled=&#8221;off&#8221; button_border_radius__hover_enabled=&#8221;off&#8221; button_one_border_radius__hover_enabled=&#8221;off&#8221; button_two_border_radius__hover_enabled=&#8221;off&#8221; button_letter_spacing__hover_enabled=&#8221;off&#8221; button_one_letter_spacing__hover_enabled=&#8221;off&#8221; button_two_letter_spacing__hover_enabled=&#8221;off&#8221; button_bg_color__hover_enabled=&#8221;off&#8221; button_one_bg_color__hover_enabled=&#8221;off&#8221; button_two_bg_color__hover_enabled=&#8221;off&#8221;][\/et_pb_contact_field][\/et_pb_contact_form][et_pb_text _builder_version=&#8221;4.27.0&#8243; _module_preset=&#8221;default&#8221; text_text_color=&#8221;#000000&#8243; text_font_size=&#8221;25px&#8221; text_line_height=&#8221;1.2em&#8221; text_orientation=&#8221;justified&#8221; text_font_size_tablet=&#8221;25px&#8221; text_font_size_phone=&#8221;17px&#8221; text_font_size_last_edited=&#8221;on|phone&#8221; global_colors_info=&#8221;{}&#8221;]<\/p>\n<p data-sourcepos=\"5:1-5:24\"><strong>Pourquoi choisir PRONOVUS?<\/strong><\/p>\n<p>&nbsp;<\/p>\n<ul data-sourcepos=\"7:1-7:35\">\n<li data-sourcepos=\"7:1-7:35\"><strong>Expertise et Exp\u00e9rience:<\/strong><span> Notre \u00e9quipe de professionnels qualifi\u00e9s a des ann\u00e9es d'exp\u00e9rience dans le secteur de la r\u00e9novation r\u00e9sidentielle.<\/span><span> Nous disposons des connaissances et de l'expertise n\u00e9cessaires pour mener \u00e0 bien des projets de toute taille et de toute complexit\u00e9.<\/span><\/li>\n<li data-sourcepos=\"8:1-8:226\"><strong>Service personnalis\u00e9:<\/strong><span> Nous croyons en l'importance d'\u00e9tablir des relations solides avec nos clients.<\/span><span> Notre \u00e9quipe travaillera en \u00e9troite collaboration avec vous pour comprendre vos besoins et pr\u00e9f\u00e9rences uniques,<\/span><span> afin de s'assurer que votre projet r\u00e9pond \u00e0 vos attentes.<\/span><\/li>\n<li data-sourcepos=\"9:1-9:225\"><strong>Qualit\u00e9 d'ex\u00e9cution:<\/strong><span> Nous nous engageons \u00e0 fournir un travail de la plus haute qualit\u00e9 sur chaque projet.<\/span><span> Notre souci du d\u00e9tail et l'utilisation de mat\u00e9riaux de premi\u00e8re qualit\u00e9 garantissent un produit fini qui durera des ann\u00e9es.<\/span><\/li>\n<li data-sourcepos=\"10:1-10:232\"><strong>Communication transparente:<\/strong><span> Nous croyons en une communication ouverte et honn\u00eate avec nos clients.<\/span><span> Nous vous tiendrons inform\u00e9 tout au long du projet,<\/span><span> en vous fournissant des mises \u00e0 jour r\u00e9guli\u00e8res et en r\u00e9pondant \u00e0 toutes vos questions ou pr\u00e9occupations.<\/span><\/li>\n<li data-sourcepos=\"11:1-11:96\"><strong>Prix comp\u00e9titifs:<\/strong><span> Nous proposons des prix comp\u00e9titifs pour nos services de r\u00e9novation r\u00e9sidentielle.<\/span><span> Nous travaillerons avec vous pour \u00e9tablir un budget qui corresponde \u00e0 vos besoins et \u00e0 vos pr\u00e9f\u00e9rences.<\/span><\/li>\n<\/ul>\n<p>[\/et_pb_text][\/et_pb_column][\/et_pb_row][\/et_pb_section]<\/p>","protected":false},"excerpt":{"rendered":"<p>Let&#8217;s Create Your Dream Home Together Have a question about our services? Ready to start your next home improvement project? Contact us to help you! Get in touch with the PRONOVUS team for a free consultation. Our experienced professionals are eager to discuss your vision and provide expert guidance. How to reach us: Give us [&hellip;]<\/p>","protected":false},"author":1,"featured_media":0,"parent":0,"menu_order":0,"comment_status":"closed","ping_status":"closed","template":"","meta":{"_et_pb_use_builder":"on","_et_pb_old_content":"<!-- wp:divi\/placeholder \/-->","_et_gb_content_width":"","footnotes":""},"class_list":["post-98","page","type-page","status-publish","hentry"],"yoast_head":"<!-- This site is optimized with the Yoast SEO plugin v23.2 - https:\/\/yoast.com\/wordpress\/plugins\/seo\/ -->\n<title>Contact Us - Pronovus<\/title>\n<meta name=\"description\" content=\"Have questions or ready to start your project? Contact us today! Our team of experts is here to assist you with all your residential renovation needs. Get in touch for a free consultation.\" \/>\n<meta name=\"robots\" content=\"index, follow, max-snippet:-1, max-image-preview:large, max-video-preview:-1\" \/>\n<link rel=\"canonical\" href=\"https:\/\/travauxpronovus.com\/fr\/contact-us\/\" \/>\n<meta property=\"og:locale\" content=\"fr_CA\" \/>\n<meta property=\"og:type\" content=\"article\" \/>\n<meta property=\"og:title\" content=\"Contact Us - Pronovus\" \/>\n<meta property=\"og:description\" content=\"Have questions or ready to start your project? Contact us today! Our team of experts is here to assist you with all your residential renovation needs. Get in touch for a free consultation.\" \/>\n<meta property=\"og:url\" content=\"https:\/\/travauxpronovus.com\/fr\/contact-us\/\" \/>\n<meta property=\"og:site_name\" content=\"Pronovus\" \/>\n<meta property=\"article:modified_time\" content=\"2024-08-27T14:04:42+00:00\" \/>\n<meta name=\"twitter:card\" content=\"summary_large_image\" \/>\n<meta name=\"twitter:label1\" content=\"Estimation du temps de lecture\" \/>\n\t<meta name=\"twitter:data1\" content=\"2 minutes\" \/>\n<script type=\"application\/ld+json\" class=\"yoast-schema-graph\">{\"@context\":\"https:\/\/schema.org\",\"@graph\":[{\"@type\":\"WebPage\",\"@id\":\"https:\/\/travauxpronovus.com\/contact-us\/\",\"url\":\"https:\/\/travauxpronovus.com\/contact-us\/\",\"name\":\"Contact Us - Pronovus\",\"isPartOf\":{\"@id\":\"https:\/\/travauxpronovus.com\/#website\"},\"datePublished\":\"2024-07-30T06:53:24+00:00\",\"dateModified\":\"2024-08-27T14:04:42+00:00\",\"description\":\"Have questions or ready to start your project? Contact us today! Our team of experts is here to assist you with all your residential renovation needs. Get in touch for a free consultation.\",\"breadcrumb\":{\"@id\":\"https:\/\/travauxpronovus.com\/contact-us\/#breadcrumb\"},\"inLanguage\":\"fr-CA\",\"potentialAction\":[{\"@type\":\"ReadAction\",\"target\":[\"https:\/\/travauxpronovus.com\/contact-us\/\"]}]},{\"@type\":\"BreadcrumbList\",\"@id\":\"https:\/\/travauxpronovus.com\/contact-us\/#breadcrumb\",\"itemListElement\":[{\"@type\":\"ListItem\",\"position\":1,\"name\":\"Home\",\"item\":\"https:\/\/travauxpronovus.com\/\"},{\"@type\":\"ListItem\",\"position\":2,\"name\":\"Contact Us\"}]},{\"@type\":\"WebSite\",\"@id\":\"https:\/\/travauxpronovus.com\/#website\",\"url\":\"https:\/\/travauxpronovus.com\/\",\"name\":\"Pronovus\",\"description\":\"Your Trusted Renovation Partner \",\"publisher\":{\"@id\":\"https:\/\/travauxpronovus.com\/#organization\"},\"potentialAction\":[{\"@type\":\"SearchAction\",\"target\":{\"@type\":\"EntryPoint\",\"urlTemplate\":\"https:\/\/travauxpronovus.com\/?s={search_term_string}\"},\"query-input\":\"required name=search_term_string\"}],\"inLanguage\":\"fr-CA\"},{\"@type\":\"Organization\",\"@id\":\"https:\/\/travauxpronovus.com\/#organization\",\"name\":\"Pronovus\",\"url\":\"https:\/\/travauxpronovus.com\/\",\"logo\":{\"@type\":\"ImageObject\",\"inLanguage\":\"fr-CA\",\"@id\":\"https:\/\/travauxpronovus.com\/#\/schema\/logo\/image\/\",\"url\":\"https:\/\/travauxpronovus.com\/wp-content\/uploads\/2024\/07\/Logo-PNG-1.png\",\"contentUrl\":\"https:\/\/travauxpronovus.com\/wp-content\/uploads\/2024\/07\/Logo-PNG-1.png\",\"width\":1782,\"height\":485,\"caption\":\"Pronovus\"},\"image\":{\"@id\":\"https:\/\/travauxpronovus.com\/#\/schema\/logo\/image\/\"}}]}<\/script>\n<!-- \/ Yoast SEO plugin. -->","yoast_head_json":{"title":"Contact Us - Pronovus","description":"Have questions or ready to start your project? Contact us today! Our team of experts is here to assist you with all your residential renovation needs. Get in touch for a free consultation.","robots":{"index":"index","follow":"follow","max-snippet":"max-snippet:-1","max-image-preview":"max-image-preview:large","max-video-preview":"max-video-preview:-1"},"canonical":"https:\/\/travauxpronovus.com\/fr\/contact-us\/","og_locale":"fr_CA","og_type":"article","og_title":"Contact Us - Pronovus","og_description":"Have questions or ready to start your project? Contact us today! Our team of experts is here to assist you with all your residential renovation needs. Get in touch for a free consultation.","og_url":"https:\/\/travauxpronovus.com\/fr\/contact-us\/","og_site_name":"Pronovus","article_modified_time":"2024-08-27T14:04:42+00:00","twitter_card":"summary_large_image","twitter_misc":{"Estimation du temps de lecture":"2 minutes"},"schema":{"@context":"https:\/\/schema.org","@graph":[{"@type":"WebPage","@id":"https:\/\/travauxpronovus.com\/contact-us\/","url":"https:\/\/travauxpronovus.com\/contact-us\/","name":"Contact Us - Pronovus","isPartOf":{"@id":"https:\/\/travauxpronovus.com\/#website"},"datePublished":"2024-07-30T06:53:24+00:00","dateModified":"2024-08-27T14:04:42+00:00","description":"Have questions or ready to start your project? Contact us today! Our team of experts is here to assist you with all your residential renovation needs. Get in touch for a free consultation.","breadcrumb":{"@id":"https:\/\/travauxpronovus.com\/contact-us\/#breadcrumb"},"inLanguage":"fr-CA","potentialAction":[{"@type":"ReadAction","target":["https:\/\/travauxpronovus.com\/contact-us\/"]}]},{"@type":"BreadcrumbList","@id":"https:\/\/travauxpronovus.com\/contact-us\/#breadcrumb","itemListElement":[{"@type":"ListItem","position":1,"name":"Home","item":"https:\/\/travauxpronovus.com\/"},{"@type":"ListItem","position":2,"name":"Contact Us"}]},{"@type":"WebSite","@id":"https:\/\/travauxpronovus.com\/#website","url":"https:\/\/travauxpronovus.com\/","name":"Pronovus","description":"Your Trusted Renovation Partner ","publisher":{"@id":"https:\/\/travauxpronovus.com\/#organization"},"potentialAction":[{"@type":"SearchAction","target":{"@type":"EntryPoint","urlTemplate":"https:\/\/travauxpronovus.com\/?s={search_term_string}"},"query-input":"required name=search_term_string"}],"inLanguage":"fr-CA"},{"@type":"Organization","@id":"https:\/\/travauxpronovus.com\/#organization","name":"Pronovus","url":"https:\/\/travauxpronovus.com\/","logo":{"@type":"ImageObject","inLanguage":"fr-CA","@id":"https:\/\/travauxpronovus.com\/#\/schema\/logo\/image\/","url":"https:\/\/travauxpronovus.com\/wp-content\/uploads\/2024\/07\/Logo-PNG-1.png","contentUrl":"https:\/\/travauxpronovus.com\/wp-content\/uploads\/2024\/07\/Logo-PNG-1.png","width":1782,"height":485,"caption":"Pronovus"},"image":{"@id":"https:\/\/travauxpronovus.com\/#\/schema\/logo\/image\/"}}]}},"_links":{"self":[{"href":"https:\/\/travauxpronovus.com\/fr\/wp-json\/wp\/v2\/pages\/98","targetHints":{"allow":["GET"]}}],"collection":[{"href":"https:\/\/travauxpronovus.com\/fr\/wp-json\/wp\/v2\/pages"}],"about":[{"href":"https:\/\/travauxpronovus.com\/fr\/wp-json\/wp\/v2\/types\/page"}],"author":[{"embeddable":true,"href":"https:\/\/travauxpronovus.com\/fr\/wp-json\/wp\/v2\/users\/1"}],"replies":[{"embeddable":true,"href":"https:\/\/travauxpronovus.com\/fr\/wp-json\/wp\/v2\/comments?post=98"}],"version-history":[{"count":17,"href":"https:\/\/travauxpronovus.com\/fr\/wp-json\/wp\/v2\/pages\/98\/revisions"}],"predecessor-version":[{"id":310,"href":"https:\/\/travauxpronovus.com\/fr\/wp-json\/wp\/v2\/pages\/98\/revisions\/310"}],"wp:attachment":[{"href":"https:\/\/travauxpronovus.com\/fr\/wp-json\/wp\/v2\/media?parent=98"}],"curies":[{"name":"wp","href":"https:\/\/api.w.org\/{rel}","templated":true}]}}